{"id":7343,"date":"2025-07-25T00:30:44","date_gmt":"2025-07-25T00:30:44","guid":{"rendered":"https:\/\/aquamarine-salamander-419260.hostingersite.com\/?post_type=product&#038;p=7343"},"modified":"2025-11-25T16:17:09","modified_gmt":"2025-11-25T21:17:09","slug":"tronzadora-de-14-2400w","status":"publish","type":"product","link":"https:\/\/ciecompraenlinea.com\/en\/product\/tronzadora-de-14-2400w\/","title":{"rendered":"TRONZADORA DE 14&#8243; 2400W"},"content":{"rendered":"<p>La <strong data-start=\"176\" data-end=\"188\">TV 509 D<\/strong> es una tronzadora, dise\u00f1ada para cortes precisos en metal. Su estructura robusta y su potente motor monof\u00e1sico de <strong data-start=\"320\" data-end=\"330\">2400 W<\/strong> garantizan un rendimiento \u00f3ptimo en trabajos exigentes. Incorpora una <strong data-start=\"401\" data-end=\"448\">mordaza horizontal regulable de -15\u00b0 a +45\u00b0<\/strong>, permitiendo ajustes r\u00e1pidos y seguros. Su dise\u00f1o plegable facilita el transporte y almacenamiento.<\/p>\n<div style=\"display:flex; gap:10px;justify-content:center\" class=\"wps-pgfw-pdf-generate-icon__wrapper-frontend\">\n\t\t<a  href=\"https:\/\/ciecompraenlinea.com\/en\/wp-json\/wp\/v2\/product\/7343?action=genpdf&amp;id=7343\" class=\"pgfw-single-pdf-download-button\" ><img src=\"https:\/\/ciecompraenlinea.com\/wp-content\/uploads\/2025\/08\/Untitled-image-5.png\" title=\"Generate PDF\" style=\"width:auto; height:50px;\"><\/a>\n\t\t<\/div>","protected":false},"excerpt":{"rendered":"<p>La TV 509 D es una tronzadora, dise\u00f1ada para cortes precisos en metal. Su estructura robusta y su potente motor monof\u00e1sico de 2400 W garantizan un rendimiento \u00f3ptimo en trabajos [&hellip;]<\/p>","protected":false},"featured_media":7419,"comment_status":"closed","ping_status":"closed","template":"","meta":{"_acf_changed":false},"product_brand":[276],"product_cat":[122,121,274],"product_tag":[],"class_list":{"0":"post-7343","1":"product","2":"type-product","3":"status-publish","4":"has-post-thumbnail","6":"product_brand-stayer","7":"product_cat-electricas","8":"product_cat-herramientas","9":"product_cat-tronzadora","11":"first","12":"instock","13":"featured","14":"taxable","15":"shipping-taxable","16":"purchasable","17":"product-type-simple"},"acf":[],"_links":{"self":[{"href":"https:\/\/ciecompraenlinea.com\/en\/wp-json\/wp\/v2\/product\/7343","targetHints":{"allow":["GET"]}}],"collection":[{"href":"https:\/\/ciecompraenlinea.com\/en\/wp-json\/wp\/v2\/product"}],"about":[{"href":"https:\/\/ciecompraenlinea.com\/en\/wp-json\/wp\/v2\/types\/product"}],"replies":[{"embeddable":true,"href":"https:\/\/ciecompraenlinea.com\/en\/wp-json\/wp\/v2\/comments?post=7343"}],"wp:featuredmedia":[{"embeddable":true,"href":"https:\/\/ciecompraenlinea.com\/en\/wp-json\/wp\/v2\/media\/7419"}],"wp:attachment":[{"href":"https:\/\/ciecompraenlinea.com\/en\/wp-json\/wp\/v2\/media?parent=7343"}],"wp:term":[{"taxonomy":"product_brand","embeddable":true,"href":"https:\/\/ciecompraenlinea.com\/en\/wp-json\/wp\/v2\/product_brand?post=7343"},{"taxonomy":"product_cat","embeddable":true,"href":"https:\/\/ciecompraenlinea.com\/en\/wp-json\/wp\/v2\/product_cat?post=7343"},{"taxonomy":"product_tag","embeddable":true,"href":"https:\/\/ciecompraenlinea.com\/en\/wp-json\/wp\/v2\/product_tag?post=7343"}],"curies":[{"name":"wp","href":"https:\/\/api.w.org\/{rel}","templated":true}]}}