{"id":7355,"date":"2025-07-25T00:30:45","date_gmt":"2025-07-25T00:30:45","guid":{"rendered":"https:\/\/aquamarine-salamander-419260.hostingersite.com\/?post_type=product&#038;p=7355"},"modified":"2025-11-16T17:16:34","modified_gmt":"2025-11-16T22:16:34","slug":"disco-flap-4-1-2-grano-60-convexo","status":"publish","type":"product","link":"https:\/\/ciecompraenlinea.com\/en\/product\/disco-flap-4-1-2-grano-60-convexo\/","title":{"rendered":"Disco Flap 4 1\/2&#8243; Grano 60 Convexo"},"content":{"rendered":"<p>Abrasivos LSZ F1 de RHODIUS, fabricado en Alemania, es un disco flap abrasivo dise\u00f1ado para ofrecer alto rendimiento en trabajos de desbaste y pulido en acero al carbono y acero inoxidable. Su composici\u00f3n de \u00f3xido de circonio montado sobre un soporte de fibra de vidrio garantiza una r\u00e1pida remoci\u00f3n de material y una larga vida \u00fatil. Su dise\u00f1o oblicuo de 10\u00b0 proporciona una mayor estabilidad y ergonom\u00eda durante su uso.<\/p>\n<p>\ud83d\udca1 <strong>Nota Importante:<\/strong> El precio mostrado es por una <em>(1) unidad.<\/em> Si necesitas mayor cantidad, consulta por disponibilidad y descuentos por volumen.<\/p>","protected":false},"excerpt":{"rendered":"<p>Abrasivos LSZ F1 de RHODIUS, fabricado en Alemania, es un disco flap abrasivo dise\u00f1ado para ofrecer alto rendimiento en trabajos de desbaste y pulido en acero al carbono y acero [&hellip;]<\/p>","protected":false},"featured_media":7448,"comment_status":"closed","ping_status":"closed","template":"","meta":{"_acf_changed":false},"product_brand":[279],"product_cat":[129,128,158],"product_tag":[],"class_list":{"0":"post-7355","1":"product","2":"type-product","3":"status-publish","4":"has-post-thumbnail","6":"product_brand-rhodius","7":"product_cat-abrasivos","8":"product_cat-consumibles","9":"product_cat-discos-flap","11":"first","12":"instock","13":"taxable","14":"shipping-taxable","15":"purchasable","16":"product-type-simple"},"acf":[],"_links":{"self":[{"href":"https:\/\/ciecompraenlinea.com\/en\/wp-json\/wp\/v2\/product\/7355","targetHints":{"allow":["GET"]}}],"collection":[{"href":"https:\/\/ciecompraenlinea.com\/en\/wp-json\/wp\/v2\/product"}],"about":[{"href":"https:\/\/ciecompraenlinea.com\/en\/wp-json\/wp\/v2\/types\/product"}],"replies":[{"embeddable":true,"href":"https:\/\/ciecompraenlinea.com\/en\/wp-json\/wp\/v2\/comments?post=7355"}],"wp:featuredmedia":[{"embeddable":true,"href":"https:\/\/ciecompraenlinea.com\/en\/wp-json\/wp\/v2\/media\/7448"}],"wp:attachment":[{"href":"https:\/\/ciecompraenlinea.com\/en\/wp-json\/wp\/v2\/media?parent=7355"}],"wp:term":[{"taxonomy":"product_brand","embeddable":true,"href":"https:\/\/ciecompraenlinea.com\/en\/wp-json\/wp\/v2\/product_brand?post=7355"},{"taxonomy":"product_cat","embeddable":true,"href":"https:\/\/ciecompraenlinea.com\/en\/wp-json\/wp\/v2\/product_cat?post=7355"},{"taxonomy":"product_tag","embeddable":true,"href":"https:\/\/ciecompraenlinea.com\/en\/wp-json\/wp\/v2\/product_tag?post=7355"}],"curies":[{"name":"wp","href":"https:\/\/api.w.org\/{rel}","templated":true}]}}