{"id":7357,"date":"2025-07-25T00:30:45","date_gmt":"2025-07-25T00:30:45","guid":{"rendered":"https:\/\/aquamarine-salamander-419260.hostingersite.com\/?post_type=product&#038;p=7357"},"modified":"2025-08-29T09:19:36","modified_gmt":"2025-08-29T09:19:36","slug":"disco-flap-4-1-2-grano-60-plano","status":"publish","type":"product","link":"https:\/\/ciecompraenlinea.com\/en\/product\/disco-flap-4-1-2-grano-60-plano\/","title":{"rendered":"Disco Flap 4 1\/2&#8243; Grano 60 Plano"},"content":{"rendered":"<p>Abrasivos LGZ F1 de RHODIUS, fabricado en Alemania, es un disco flap abrasivo dise\u00f1ado para ofrecer alto rendimiento en trabajos de desbaste y pulido en acero al carbono y acero inoxidable. Su estructura con \u00f3xido de circonio y soporte de fibra de vidrio proporciona una r\u00e1pida remoci\u00f3n de material y una larga vida \u00fatil. Su dise\u00f1o recto facilita un desbaste uniforme, ideal para obtener acabados parejos y precisos.<\/p>\n<p>\ud83d\udca1 <strong>Nota Importante:<\/strong> El precio mostrado es por una <em>(1) unidad.<\/em> Si necesitas mayor cantidad, consulta por disponibilidad y descuentos por volumen.<\/p>\n<div style=\"display:flex; gap:10px;justify-content:center\" class=\"wps-pgfw-pdf-generate-icon__wrapper-frontend\">\n\t\t<a  href=\"https:\/\/ciecompraenlinea.com\/en\/wp-json\/wp\/v2\/product\/7357?action=genpdf&amp;id=7357\" class=\"pgfw-single-pdf-download-button\" ><img src=\"https:\/\/ciecompraenlinea.com\/wp-content\/uploads\/2025\/08\/Untitled-image-5.png\" title=\"Generate PDF\" style=\"width:auto; height:50px;\"><\/a>\n\t\t<\/div>","protected":false},"excerpt":{"rendered":"<p>Abrasivos LGZ F1 de RHODIUS, fabricado en Alemania, es un disco flap abrasivo dise\u00f1ado para ofrecer alto rendimiento en trabajos de desbaste y pulido en acero al carbono y acero [&hellip;]<\/p>","protected":false},"featured_media":7454,"comment_status":"closed","ping_status":"closed","template":"","meta":{"_acf_changed":false},"product_brand":[279],"product_cat":[129,128,158],"product_tag":[],"class_list":{"0":"post-7357","1":"product","2":"type-product","3":"status-publish","4":"has-post-thumbnail","6":"product_brand-rhodius","7":"product_cat-abrasivos","8":"product_cat-consumibles","9":"product_cat-discos-flap","11":"first","12":"instock","13":"taxable","14":"shipping-taxable","15":"purchasable","16":"product-type-simple"},"acf":[],"_links":{"self":[{"href":"https:\/\/ciecompraenlinea.com\/en\/wp-json\/wp\/v2\/product\/7357","targetHints":{"allow":["GET"]}}],"collection":[{"href":"https:\/\/ciecompraenlinea.com\/en\/wp-json\/wp\/v2\/product"}],"about":[{"href":"https:\/\/ciecompraenlinea.com\/en\/wp-json\/wp\/v2\/types\/product"}],"replies":[{"embeddable":true,"href":"https:\/\/ciecompraenlinea.com\/en\/wp-json\/wp\/v2\/comments?post=7357"}],"wp:featuredmedia":[{"embeddable":true,"href":"https:\/\/ciecompraenlinea.com\/en\/wp-json\/wp\/v2\/media\/7454"}],"wp:attachment":[{"href":"https:\/\/ciecompraenlinea.com\/en\/wp-json\/wp\/v2\/media?parent=7357"}],"wp:term":[{"taxonomy":"product_brand","embeddable":true,"href":"https:\/\/ciecompraenlinea.com\/en\/wp-json\/wp\/v2\/product_brand?post=7357"},{"taxonomy":"product_cat","embeddable":true,"href":"https:\/\/ciecompraenlinea.com\/en\/wp-json\/wp\/v2\/product_cat?post=7357"},{"taxonomy":"product_tag","embeddable":true,"href":"https:\/\/ciecompraenlinea.com\/en\/wp-json\/wp\/v2\/product_tag?post=7357"}],"curies":[{"name":"wp","href":"https:\/\/api.w.org\/{rel}","templated":true}]}}