{"id":7360,"date":"2025-07-25T00:30:45","date_gmt":"2025-07-25T00:30:45","guid":{"rendered":"https:\/\/aquamarine-salamander-419260.hostingersite.com\/?post_type=product&#038;p=7360"},"modified":"2025-11-16T17:15:48","modified_gmt":"2025-11-16T22:15:48","slug":"disco-de-desbaste-4-1-2x7-acero","status":"publish","type":"product","link":"https:\/\/ciecompraenlinea.com\/en\/product\/disco-de-desbaste-4-1-2x7-acero\/","title":{"rendered":"Disco de desbaste 4 1\/2&#215;7 acero"},"content":{"rendered":"<p>Abrasivos RS2 de RHODIUS, fabricado en Alemania, es un disco abrasivo de desbaste vers\u00e1til y de alto rendimiento, dise\u00f1ado para trabajos exigentes en acero y acero inoxidable. Este disco es ideal para tareas como biselado, preparaci\u00f3n y acabado de cordones de soldadura, desbarbado y redondeo de bordes. \u200b<\/p>\n<p>\ud83d\udca1<strong> Nota Importante:<\/strong> El precio mostrado es por una <em>(1) unidad.<\/em> Si necesitas mayor cantidad, consulta por disponibilidad y descuentos por volumen.<\/p>\n<div style=\"display:flex; gap:10px;justify-content:center\" class=\"wps-pgfw-pdf-generate-icon__wrapper-frontend\">\n\t\t<a  href=\"https:\/\/ciecompraenlinea.com\/en\/wp-json\/wp\/v2\/product\/7360?action=genpdf&amp;id=7360\" class=\"pgfw-single-pdf-download-button\" ><img src=\"https:\/\/ciecompraenlinea.com\/wp-content\/uploads\/2025\/08\/Untitled-image-5.png\" title=\"Generate PDF\" style=\"width:auto; height:50px;\"><\/a>\n\t\t<\/div>","protected":false},"excerpt":{"rendered":"<p>Abrasivos RS2 de RHODIUS, fabricado en Alemania, es un disco abrasivo de desbaste vers\u00e1til y de alto rendimiento, dise\u00f1ado para trabajos exigentes en acero y acero inoxidable. Este disco es [&hellip;]<\/p>","protected":false},"featured_media":7464,"comment_status":"closed","ping_status":"closed","template":"","meta":{"_acf_changed":false},"product_brand":[279],"product_cat":[129,128,275],"product_tag":[],"class_list":{"0":"post-7360","1":"product","2":"type-product","3":"status-publish","4":"has-post-thumbnail","6":"product_brand-rhodius","7":"product_cat-abrasivos","8":"product_cat-consumibles","9":"product_cat-discos-de-desbaste","11":"first","12":"instock","13":"taxable","14":"shipping-taxable","15":"purchasable","16":"product-type-simple"},"acf":[],"_links":{"self":[{"href":"https:\/\/ciecompraenlinea.com\/en\/wp-json\/wp\/v2\/product\/7360","targetHints":{"allow":["GET"]}}],"collection":[{"href":"https:\/\/ciecompraenlinea.com\/en\/wp-json\/wp\/v2\/product"}],"about":[{"href":"https:\/\/ciecompraenlinea.com\/en\/wp-json\/wp\/v2\/types\/product"}],"replies":[{"embeddable":true,"href":"https:\/\/ciecompraenlinea.com\/en\/wp-json\/wp\/v2\/comments?post=7360"}],"wp:featuredmedia":[{"embeddable":true,"href":"https:\/\/ciecompraenlinea.com\/en\/wp-json\/wp\/v2\/media\/7464"}],"wp:attachment":[{"href":"https:\/\/ciecompraenlinea.com\/en\/wp-json\/wp\/v2\/media?parent=7360"}],"wp:term":[{"taxonomy":"product_brand","embeddable":true,"href":"https:\/\/ciecompraenlinea.com\/en\/wp-json\/wp\/v2\/product_brand?post=7360"},{"taxonomy":"product_cat","embeddable":true,"href":"https:\/\/ciecompraenlinea.com\/en\/wp-json\/wp\/v2\/product_cat?post=7360"},{"taxonomy":"product_tag","embeddable":true,"href":"https:\/\/ciecompraenlinea.com\/en\/wp-json\/wp\/v2\/product_tag?post=7360"}],"curies":[{"name":"wp","href":"https:\/\/api.w.org\/{rel}","templated":true}]}}