{"id":7382,"date":"2025-07-25T00:37:59","date_gmt":"2025-07-25T00:37:59","guid":{"rendered":"https:\/\/aquamarine-salamander-419260.hostingersite.com\/?post_type=product&#038;p=7382"},"modified":"2025-08-29T09:19:42","modified_gmt":"2025-08-29T09:19:42","slug":"fibrodisco-circonio-de-4-1-2-grano-80","status":"publish","type":"product","link":"https:\/\/ciecompraenlinea.com\/en\/product\/fibrodisco-circonio-de-4-1-2-grano-80\/","title":{"rendered":"Fibrodisco Circonio de 4 1\/2&#8243; grano 80"},"content":{"rendered":"<p>Abrasivos KFZ de RHODIUS, fabricados en Alemania. Es un disco abrasivo de fibra con grano de \u00f3xido de circonio dise\u00f1ado para ofrecer un excelente rendimiento en la remoci\u00f3n de material en aplicaciones de acero y acero inoxidable. Este disco garantiza una larga vida \u00fatil y una alta tasa de eliminaci\u00f3n de material, mejorando la eficiencia en el trabajo. \u200b<\/p>\n<p>\ud83d\udca1 <strong>Nota Importante:<\/strong> El precio mostrado es por una <em>(1) unidad<\/em>. Si necesitas mayor cantidad, consulta por disponibilidad y descuentos por volumen.<\/p>","protected":false},"excerpt":{"rendered":"<p>Abrasivos KFZ de RHODIUS, fabricados en Alemania. Es un disco abrasivo de fibra con grano de \u00f3xido de circonio dise\u00f1ado para ofrecer un excelente rendimiento en la remoci\u00f3n de material [&hellip;]<\/p>","protected":false},"featured_media":7476,"comment_status":"closed","ping_status":"closed","template":"","meta":{"_acf_changed":false},"product_brand":[279],"product_cat":[129,128,157],"product_tag":[],"class_list":{"0":"post-7382","1":"product","2":"type-product","3":"status-publish","4":"has-post-thumbnail","6":"product_brand-rhodius","7":"product_cat-abrasivos","8":"product_cat-consumibles","9":"product_cat-fibrodiscos","11":"first","12":"instock","13":"taxable","14":"shipping-taxable","15":"purchasable","16":"product-type-simple"},"acf":[],"_links":{"self":[{"href":"https:\/\/ciecompraenlinea.com\/en\/wp-json\/wp\/v2\/product\/7382","targetHints":{"allow":["GET"]}}],"collection":[{"href":"https:\/\/ciecompraenlinea.com\/en\/wp-json\/wp\/v2\/product"}],"about":[{"href":"https:\/\/ciecompraenlinea.com\/en\/wp-json\/wp\/v2\/types\/product"}],"replies":[{"embeddable":true,"href":"https:\/\/ciecompraenlinea.com\/en\/wp-json\/wp\/v2\/comments?post=7382"}],"wp:featuredmedia":[{"embeddable":true,"href":"https:\/\/ciecompraenlinea.com\/en\/wp-json\/wp\/v2\/media\/7476"}],"wp:attachment":[{"href":"https:\/\/ciecompraenlinea.com\/en\/wp-json\/wp\/v2\/media?parent=7382"}],"wp:term":[{"taxonomy":"product_brand","embeddable":true,"href":"https:\/\/ciecompraenlinea.com\/en\/wp-json\/wp\/v2\/product_brand?post=7382"},{"taxonomy":"product_cat","embeddable":true,"href":"https:\/\/ciecompraenlinea.com\/en\/wp-json\/wp\/v2\/product_cat?post=7382"},{"taxonomy":"product_tag","embeddable":true,"href":"https:\/\/ciecompraenlinea.com\/en\/wp-json\/wp\/v2\/product_tag?post=7382"}],"curies":[{"name":"wp","href":"https:\/\/api.w.org\/{rel}","templated":true}]}}