{"id":7387,"date":"2025-07-25T00:39:24","date_gmt":"2025-07-25T00:39:24","guid":{"rendered":"https:\/\/aquamarine-salamander-419260.hostingersite.com\/?post_type=product&#038;p=7387"},"modified":"2025-09-23T15:27:39","modified_gmt":"2025-09-23T20:27:39","slug":"fibrodisco-ceramico-de-7-grano-60","status":"publish","type":"product","link":"https:\/\/ciecompraenlinea.com\/en\/product\/fibrodisco-ceramico-de-7-grano-60\/","title":{"rendered":"Fibrodisco Ceramico de 7 grano 60"},"content":{"rendered":"<p>Abrasivos KFK de RHODIUS, fabricados en Alemania. Es un disco abrasivo de fibra con grano cer\u00e1mico dise\u00f1ado para ofrecer una alta tasa de remoci\u00f3n de material en un corto per\u00edodo de tiempo, manteniendo una larga vida \u00fatil. Este disco es especialmente adecuado para trabajar en aceros templados, superficies con escamas y titanio. \u200b<\/p>\n<p>\ud83d\udca1 <strong>Nota Importante:<\/strong> El precio mostrado es por una <em>(1) unidad.<\/em> Si necesitas mayor cantidad, consulta por disponibilidad y descuentos por volumen.<\/p>\n<div style=\"display:flex; gap:10px;justify-content:center\" class=\"wps-pgfw-pdf-generate-icon__wrapper-frontend\">\n\t\t<a  href=\"https:\/\/ciecompraenlinea.com\/en\/wp-json\/wp\/v2\/product\/7387?action=genpdf&amp;id=7387\" class=\"pgfw-single-pdf-download-button\" ><img src=\"https:\/\/ciecompraenlinea.com\/wp-content\/uploads\/2025\/08\/Untitled-image-5.png\" title=\"Generate PDF\" style=\"width:auto; height:50px;\"><\/a>\n\t\t<\/div>","protected":false},"excerpt":{"rendered":"<p>Abrasivos KFK de RHODIUS, fabricados en Alemania. Es un disco abrasivo de fibra con grano cer\u00e1mico dise\u00f1ado para ofrecer una alta tasa de remoci\u00f3n de material en un corto per\u00edodo [&hellip;]<\/p>","protected":false},"featured_media":11377,"comment_status":"closed","ping_status":"closed","template":"","meta":{"_acf_changed":false},"product_brand":[279],"product_cat":[129,128,157],"product_tag":[],"class_list":{"0":"post-7387","1":"product","2":"type-product","3":"status-publish","4":"has-post-thumbnail","6":"product_brand-rhodius","7":"product_cat-abrasivos","8":"product_cat-consumibles","9":"product_cat-fibrodiscos","11":"first","12":"instock","13":"taxable","14":"shipping-taxable","15":"purchasable","16":"product-type-simple"},"acf":[],"_links":{"self":[{"href":"https:\/\/ciecompraenlinea.com\/en\/wp-json\/wp\/v2\/product\/7387","targetHints":{"allow":["GET"]}}],"collection":[{"href":"https:\/\/ciecompraenlinea.com\/en\/wp-json\/wp\/v2\/product"}],"about":[{"href":"https:\/\/ciecompraenlinea.com\/en\/wp-json\/wp\/v2\/types\/product"}],"replies":[{"embeddable":true,"href":"https:\/\/ciecompraenlinea.com\/en\/wp-json\/wp\/v2\/comments?post=7387"}],"wp:featuredmedia":[{"embeddable":true,"href":"https:\/\/ciecompraenlinea.com\/en\/wp-json\/wp\/v2\/media\/11377"}],"wp:attachment":[{"href":"https:\/\/ciecompraenlinea.com\/en\/wp-json\/wp\/v2\/media?parent=7387"}],"wp:term":[{"taxonomy":"product_brand","embeddable":true,"href":"https:\/\/ciecompraenlinea.com\/en\/wp-json\/wp\/v2\/product_brand?post=7387"},{"taxonomy":"product_cat","embeddable":true,"href":"https:\/\/ciecompraenlinea.com\/en\/wp-json\/wp\/v2\/product_cat?post=7387"},{"taxonomy":"product_tag","embeddable":true,"href":"https:\/\/ciecompraenlinea.com\/en\/wp-json\/wp\/v2\/product_tag?post=7387"}],"curies":[{"name":"wp","href":"https:\/\/api.w.org\/{rel}","templated":true}]}}