{"id":7417,"date":"2025-07-25T00:47:55","date_gmt":"2025-07-25T00:47:55","guid":{"rendered":"https:\/\/aquamarine-salamander-419260.hostingersite.com\/?post_type=product&#038;p=7417"},"modified":"2026-01-27T12:05:12","modified_gmt":"2026-01-27T17:05:12","slug":"balancin-capacidad-90-105kg","status":"publish","type":"product","link":"https:\/\/ciecompraenlinea.com\/en\/product\/balancin-capacidad-90-105kg\/","title":{"rendered":"BALANCIN CAPACIDAD 90-105kg"},"content":{"rendered":"<p data-start=\"201\" data-end=\"580\">Los balanc\u00ednes TECNA modelo 9371 son un balanceador industrial dise\u00f1ado para el manejo seguro y controlado de herramientas pesadas en entornos de alta exigencia. Este equipo hace parte de la l\u00ednea de balancines para herramientas, ofreciendo una soluci\u00f3n eficiente para mejorar la ergonom\u00eda, la productividad y la seguridad en estaciones de trabajo y l\u00edneas de producci\u00f3n.<\/p>\n<p data-start=\"582\" data-end=\"980\">Como balanc\u00edn para herramientas, permite compensar el peso de la herramienta durante la operaci\u00f3n, facilitando movimientos precisos y reduciendo de forma significativa el esfuerzo f\u00edsico del operario. Su sistema de control del recorrido del cable permite bloquear la posici\u00f3n de la carga de manera sencilla, brindando mayor estabilidad, control y seguridad durante el uso continuo.<\/p>\n<p data-start=\"982\" data-end=\"1372\">Este balanceador ha sido fabricado bajo estrictos est\u00e1ndares de calidad, cumpliendo con la normativa DIN 15112 y contando con certificaci\u00f3n BG, lo que garantiza un alto nivel de seguridad y confiabilidad. Su construcci\u00f3n robusta lo convierte en uno de los balanceadores industriales ideales para aplicaciones donde se requiere resistencia, durabilidad y desempe\u00f1o constante.<\/p>","protected":false},"excerpt":{"rendered":"<p>Los balanc\u00ednes TECNA modelo 9371 son un balanceador industrial dise\u00f1ado para el manejo seguro y controlado de herramientas pesadas en entornos de alta exigencia. Este equipo hace parte de la [&hellip;]<\/p>","protected":false},"featured_media":7482,"comment_status":"closed","ping_status":"closed","template":"","meta":{"_acf_changed":false},"product_brand":[292],"product_cat":[184,131],"product_tag":[],"class_list":{"0":"post-7417","1":"product","2":"type-product","3":"status-publish","4":"has-post-thumbnail","6":"product_brand-tecna","7":"product_cat-balancin","8":"product_cat-accesorios","10":"first","11":"instock","12":"taxable","13":"shipping-taxable","14":"purchasable","15":"product-type-simple"},"acf":[],"_links":{"self":[{"href":"https:\/\/ciecompraenlinea.com\/en\/wp-json\/wp\/v2\/product\/7417","targetHints":{"allow":["GET"]}}],"collection":[{"href":"https:\/\/ciecompraenlinea.com\/en\/wp-json\/wp\/v2\/product"}],"about":[{"href":"https:\/\/ciecompraenlinea.com\/en\/wp-json\/wp\/v2\/types\/product"}],"replies":[{"embeddable":true,"href":"https:\/\/ciecompraenlinea.com\/en\/wp-json\/wp\/v2\/comments?post=7417"}],"wp:featuredmedia":[{"embeddable":true,"href":"https:\/\/ciecompraenlinea.com\/en\/wp-json\/wp\/v2\/media\/7482"}],"wp:attachment":[{"href":"https:\/\/ciecompraenlinea.com\/en\/wp-json\/wp\/v2\/media?parent=7417"}],"wp:term":[{"taxonomy":"product_brand","embeddable":true,"href":"https:\/\/ciecompraenlinea.com\/en\/wp-json\/wp\/v2\/product_brand?post=7417"},{"taxonomy":"product_cat","embeddable":true,"href":"https:\/\/ciecompraenlinea.com\/en\/wp-json\/wp\/v2\/product_cat?post=7417"},{"taxonomy":"product_tag","embeddable":true,"href":"https:\/\/ciecompraenlinea.com\/en\/wp-json\/wp\/v2\/product_tag?post=7417"}],"curies":[{"name":"wp","href":"https:\/\/api.w.org\/{rel}","templated":true}]}}