{"id":7481,"date":"2025-07-25T05:07:49","date_gmt":"2025-07-25T05:07:49","guid":{"rendered":"https:\/\/aquamarine-salamander-419260.hostingersite.com\/?post_type=product&#038;p=7481"},"modified":"2026-02-05T15:37:18","modified_gmt":"2026-02-05T20:37:18","slug":"torcometros-con-cabezas-intercambiables","status":"publish","type":"product","link":"https:\/\/ciecompraenlinea.com\/en\/product\/torcometros-con-cabezas-intercambiables\/","title":{"rendered":"TORCOMETROS CON CABEZAS INTERCAMBIABLES"},"content":{"rendered":"<p data-start=\"431\" data-end=\"833\">Los <strong data-start=\"435\" data-end=\"478\">torqu\u00edmetros de cabezas intercambiables<\/strong> son herramientas vers\u00e1tiles y precisas, ideales para aplicaciones donde se requiere ajustar diferentes tipos de pernos sin cambiar de herramienta. Este tipo de <strong data-start=\"639\" data-end=\"689\">llave dinamom\u00e9trica de cabezas intercambiables<\/strong> permite trabajar con distintos tama\u00f1os de cabezal incluidos en el kit, garantizando un torque controlado, r\u00e1pido y eficiente en cada operaci\u00f3n.<\/p>\n<p data-start=\"835\" data-end=\"1107\">En CIE de Colombia te ofrecemos <strong data-start=\"867\" data-end=\"927\">kits completos de torc\u00f3metros de cabezas intercambiables<\/strong>, con estuche r\u00edgido, calibraci\u00f3n certificada y lista de cabezas por referencia, lo que facilita el trabajo en industrias como la automotriz, metalmec\u00e1nica y mantenimiento general.<\/p>\n<p data-start=\"1109\" data-end=\"1279\">Estos <strong data-start=\"1115\" data-end=\"1145\">torqu\u00edmetros profesionales<\/strong> cuentan con cuadrante de 1\/2\u201d y se encuentran disponibles en dos rangos de torque que se adaptan a diferentes necesidades operativas.<\/p>\n<h3 data-start=\"1286\" data-end=\"1317\">Referencias disponibles:<\/h3>\n<p data-start=\"1319\" data-end=\"1387\"><strong data-start=\"1322\" data-end=\"1334\">OP-80N8K<\/strong> \u2013 <strong data-start=\"1337\" data-end=\"1385\">Torc\u00f3metro de Cabezas Intercambiables 80 Nm<\/strong><\/p>\n<ul>\n<li data-start=\"1390\" data-end=\"1407\">Cuadrante: 1\/2&#8243;<\/li>\n<li data-start=\"1410\" data-end=\"1440\">Rango de torque: 15 \u2013 80 Nm<\/li>\n<li data-start=\"1443\" data-end=\"1498\">Cabezas incluidas: 17mm, 22mm, 24mm, 26mm, 27mm, 29mm<\/li>\n<li data-start=\"1501\" data-end=\"1598\">Ideal para mantenimiento automotriz liviano, ensamble electr\u00f3nico e instalaciones de precisi\u00f3n.<\/li>\n<\/ul>\n<p data-start=\"1600\" data-end=\"1671\"><strong data-start=\"1603\" data-end=\"1617\">OP-210N11K<\/strong> \u2013 <strong data-start=\"1620\" data-end=\"1669\">Torc\u00f3metro de Cabezas Intercambiables 210 Nm<\/strong><\/p>\n<ul>\n<li data-start=\"1674\" data-end=\"1691\">Cuadrante: 1\/2&#8243;<\/li>\n<li data-start=\"1694\" data-end=\"1725\">Rango de torque: 40 \u2013 210 Nm<\/li>\n<li data-start=\"1728\" data-end=\"1801\">Cabezas incluidas: 13mm, 14mm, 15mm, 17mm, 19mm, 22mm, 24mm, 27mm, 30mm<\/li>\n<li data-start=\"1804\" data-end=\"1871\">Ideal para maquinaria, estructuras met\u00e1licas y pernos industriales.<\/li>\n<\/ul>\n<h3 data-start=\"1878\" data-end=\"1910\">Caracter\u00edsticas comunes:<\/h3>\n<ul>\n<li data-start=\"1912\" data-end=\"2213\"><strong data-start=\"1914\" data-end=\"1964\">Llave dinamom\u00e9trica de cabezas intercambiables<\/strong> incluida en cada kit<\/li>\n<li data-start=\"1912\" data-end=\"2213\">Estuche r\u00edgido para f\u00e1cil transporte y protecci\u00f3n<\/li>\n<li data-start=\"1912\" data-end=\"2213\">Certificado de calibraci\u00f3n bajo norma internacional<\/li>\n<li data-start=\"1912\" data-end=\"2213\">Herramienta profesional, precisa y durable<\/li>\n<li data-start=\"1912\" data-end=\"2213\">Cambio r\u00e1pido de cabezas sin necesidad de herramientas adicionales<\/li>\n<\/ul>\n<div style=\"display:flex; gap:10px;justify-content:center\" class=\"wps-pgfw-pdf-generate-icon__wrapper-frontend\">\n\t\t<a  href=\"https:\/\/ciecompraenlinea.com\/en\/wp-json\/wp\/v2\/product\/7481?action=genpdf&amp;id=7481\" class=\"pgfw-single-pdf-download-button\" ><img src=\"https:\/\/ciecompraenlinea.com\/wp-content\/uploads\/2025\/08\/Untitled-image-5.png\" title=\"Generate PDF\" style=\"width:auto; height:50px;\"><\/a>\n\t\t<\/div>","protected":false},"excerpt":{"rendered":"<p>Los torqu\u00edmetros de cabezas intercambiables son herramientas vers\u00e1tiles y precisas, ideales para aplicaciones donde se requiere ajustar diferentes tipos de pernos sin cambiar de herramienta. Este tipo de llave dinamom\u00e9trica [&hellip;]<\/p>","protected":false},"featured_media":7512,"comment_status":"closed","ping_status":"closed","template":"","meta":{"_acf_changed":false},"product_brand":[284],"product_cat":[121,149,180],"product_tag":[],"class_list":{"0":"post-7481","1":"product","2":"type-product","3":"status-publish","4":"has-post-thumbnail","6":"product_brand-onpin","7":"product_cat-herramientas","8":"product_cat-herramientas-de-torque","9":"product_cat-torcometros-torquimetros","11":"first","12":"instock","13":"sale","14":"taxable","15":"shipping-taxable","16":"purchasable","17":"product-type-variable"},"acf":[],"_links":{"self":[{"href":"https:\/\/ciecompraenlinea.com\/en\/wp-json\/wp\/v2\/product\/7481","targetHints":{"allow":["GET"]}}],"collection":[{"href":"https:\/\/ciecompraenlinea.com\/en\/wp-json\/wp\/v2\/product"}],"about":[{"href":"https:\/\/ciecompraenlinea.com\/en\/wp-json\/wp\/v2\/types\/product"}],"replies":[{"embeddable":true,"href":"https:\/\/ciecompraenlinea.com\/en\/wp-json\/wp\/v2\/comments?post=7481"}],"wp:featuredmedia":[{"embeddable":true,"href":"https:\/\/ciecompraenlinea.com\/en\/wp-json\/wp\/v2\/media\/7512"}],"wp:attachment":[{"href":"https:\/\/ciecompraenlinea.com\/en\/wp-json\/wp\/v2\/media?parent=7481"}],"wp:term":[{"taxonomy":"product_brand","embeddable":true,"href":"https:\/\/ciecompraenlinea.com\/en\/wp-json\/wp\/v2\/product_brand?post=7481"},{"taxonomy":"product_cat","embeddable":true,"href":"https:\/\/ciecompraenlinea.com\/en\/wp-json\/wp\/v2\/product_cat?post=7481"},{"taxonomy":"product_tag","embeddable":true,"href":"https:\/\/ciecompraenlinea.com\/en\/wp-json\/wp\/v2\/product_tag?post=7481"}],"curies":[{"name":"wp","href":"https:\/\/api.w.org\/{rel}","templated":true}]}}