{"id":7490,"date":"2025-07-25T05:09:01","date_gmt":"2025-07-25T05:09:01","guid":{"rendered":"https:\/\/aquamarine-salamander-419260.hostingersite.com\/?post_type=product&#038;p=7490"},"modified":"2025-09-25T15:36:49","modified_gmt":"2025-09-25T20:36:49","slug":"torcometros-profesionales-norbar","status":"publish","type":"product","link":"https:\/\/ciecompraenlinea.com\/en\/product\/torcometros-profesionales-norbar\/","title":{"rendered":"TORCOMETROS PROFESIONALES NORBAR"},"content":{"rendered":"<p data-start=\"325\" data-end=\"691\">Los <strong data-start=\"329\" data-end=\"362\">torqu\u00edmetros Norbar NorTorque<\/strong> son herramientas profesionales de alta precisi\u00f3n dise\u00f1adas para aplicaciones industriales, automotrices y de mantenimiento donde se requiere un control exacto del torque. Fabricados en el Reino Unido y certificados bajo la norma <strong data-start=\"592\" data-end=\"609\">ISO 6789:2017<\/strong>, estos equipos ofrecen fiabilidad, ergonom\u00eda y facilidad de uso para el operador.<\/p>\n<p data-start=\"693\" data-end=\"1025\">Con sistema de ajuste microm\u00e9trico, <strong data-start=\"729\" data-end=\"759\">escala dual en Nm y lbf\u00b7ft<\/strong>, y mecanismo de bloqueo push\/pull, los torqu\u00edmetros Norbar NorTorque garantizan seguridad en el ajuste y repetibilidad en cada apriete. Gracias a su construcci\u00f3n robusta y liviana, son ideales tanto para uso continuo como para trabajos que requieren gran exactitud.<\/p>\n<p data-start=\"1027\" data-end=\"1496\">Ya sea que necesites un <strong data-start=\"1051\" data-end=\"1076\">torqu\u00edmetro ajustable<\/strong>, una <strong data-start=\"1082\" data-end=\"1117\">llave dinamom\u00e9trica profesional<\/strong>, o est\u00e9s buscando <strong data-start=\"1136\" data-end=\"1163\">torqu\u00edmetros calibrados<\/strong>, esta l\u00ednea ofrece opciones confiables para diferentes rangos de torque y aplicaciones. Tambi\u00e9n conocidos como <strong data-start=\"1275\" data-end=\"1298\">torqu\u00edmetros Norbar<\/strong>, <strong data-start=\"1300\" data-end=\"1338\">llaves dinamom\u00e9tricas industriales<\/strong>, <strong data-start=\"1340\" data-end=\"1382\">herramientas de torque con escala dual<\/strong>, o simplemente <strong data-start=\"1398\" data-end=\"1427\">torqu\u00edmetros de precisi\u00f3n<\/strong>, representan una excelente inversi\u00f3n para cualquier entorno t\u00e9cnico.<\/p>\n<h2 data-start=\"245\" data-end=\"275\"><strong data-start=\"251\" data-end=\"275\">Opciones disponibles<\/strong><\/h2>\n<ul>\n<li data-start=\"279\" data-end=\"356\"><strong data-start=\"279\" data-end=\"307\">Torc\u00f3metro Norbar 130103<\/strong> \u2013 Cuadrante de 1\/2&#8243;, rango de torque 20\u2013100 Nm<\/li>\n<li data-start=\"279\" data-end=\"356\"><strong data-start=\"359\" data-end=\"387\">Torc\u00f3metro Norbar 130104<\/strong> \u2013 Cuadrante de 1\/2&#8243;, rango de torque 40\u2013200 Nm<\/li>\n<li data-start=\"279\" data-end=\"356\"><strong data-start=\"439\" data-end=\"467\">Torc\u00f3metro Norbar 130106<\/strong> \u2013 Cuadrante de 1\/2&#8243;, rango de torque 60\u2013340 Nm<\/li>\n<\/ul>\n<div style=\"display:flex; gap:10px;justify-content:center\" class=\"wps-pgfw-pdf-generate-icon__wrapper-frontend\">\n\t\t<a  href=\"https:\/\/ciecompraenlinea.com\/en\/wp-json\/wp\/v2\/product\/7490?action=genpdf&amp;id=7490\" class=\"pgfw-single-pdf-download-button\" ><img src=\"https:\/\/ciecompraenlinea.com\/wp-content\/uploads\/2025\/08\/Untitled-image-5.png\" title=\"Generate PDF\" style=\"width:auto; height:50px;\"><\/a>\n\t\t<\/div>","protected":false},"excerpt":{"rendered":"<p>Los torqu\u00edmetros Norbar NorTorque son herramientas profesionales de alta precisi\u00f3n dise\u00f1adas para aplicaciones industriales, automotrices y de mantenimiento donde se requiere un control exacto del torque. Fabricados en el Reino [&hellip;]<\/p>","protected":false},"featured_media":7519,"comment_status":"closed","ping_status":"closed","template":"","meta":{"_acf_changed":false},"product_brand":[286],"product_cat":[121,149,180],"product_tag":[],"class_list":{"0":"post-7490","1":"product","2":"type-product","3":"status-publish","4":"has-post-thumbnail","6":"product_brand-norbar","7":"product_cat-herramientas","8":"product_cat-herramientas-de-torque","9":"product_cat-torcometros-torquimetros","11":"first","12":"instock","13":"taxable","14":"shipping-taxable","15":"purchasable","16":"product-type-variable"},"acf":[],"_links":{"self":[{"href":"https:\/\/ciecompraenlinea.com\/en\/wp-json\/wp\/v2\/product\/7490","targetHints":{"allow":["GET"]}}],"collection":[{"href":"https:\/\/ciecompraenlinea.com\/en\/wp-json\/wp\/v2\/product"}],"about":[{"href":"https:\/\/ciecompraenlinea.com\/en\/wp-json\/wp\/v2\/types\/product"}],"replies":[{"embeddable":true,"href":"https:\/\/ciecompraenlinea.com\/en\/wp-json\/wp\/v2\/comments?post=7490"}],"wp:featuredmedia":[{"embeddable":true,"href":"https:\/\/ciecompraenlinea.com\/en\/wp-json\/wp\/v2\/media\/7519"}],"wp:attachment":[{"href":"https:\/\/ciecompraenlinea.com\/en\/wp-json\/wp\/v2\/media?parent=7490"}],"wp:term":[{"taxonomy":"product_brand","embeddable":true,"href":"https:\/\/ciecompraenlinea.com\/en\/wp-json\/wp\/v2\/product_brand?post=7490"},{"taxonomy":"product_cat","embeddable":true,"href":"https:\/\/ciecompraenlinea.com\/en\/wp-json\/wp\/v2\/product_cat?post=7490"},{"taxonomy":"product_tag","embeddable":true,"href":"https:\/\/ciecompraenlinea.com\/en\/wp-json\/wp\/v2\/product_tag?post=7490"}],"curies":[{"name":"wp","href":"https:\/\/api.w.org\/{rel}","templated":true}]}}