{"id":7502,"date":"2025-07-25T05:11:36","date_gmt":"2025-07-25T05:11:36","guid":{"rendered":"https:\/\/aquamarine-salamander-419260.hostingersite.com\/?post_type=product&#038;p=7502"},"modified":"2025-09-25T15:35:16","modified_gmt":"2025-09-25T20:35:16","slug":"torcometros-tipo-produccion-norbar","status":"publish","type":"product","link":"https:\/\/ciecompraenlinea.com\/en\/product\/torcometros-tipo-produccion-norbar\/","title":{"rendered":"TORCOMETROS TIPO PRODUCCION NORBAR"},"content":{"rendered":"<p data-start=\"358\" data-end=\"710\">Los <strong data-start=\"362\" data-end=\"396\">torc\u00f3metros Norbar tipo preset<\/strong> est\u00e1n dise\u00f1ados para aplicaciones de producci\u00f3n donde se requiere un apriete constante, preciso y sin intervenci\u00f3n del operador en el ajuste del torque. Esta l\u00ednea profesional es ideal para entornos industriales exigentes que requieren herramientas confiables, calibradas y duraderas para operaciones repetitivas.<\/p>\n<p data-start=\"712\" data-end=\"1025\">Cada modelo cuenta con un mecanismo de trinquete industrial, estructura robusta y funcionamiento sin escala visible, lo que permite configurar el torque mediante un equipo de calibraci\u00f3n externo. Esto reduce errores operativos y mejora la repetibilidad en l\u00edneas de ensamble, garantizando resultados consistentes.<\/p>\n<p data-start=\"1027\" data-end=\"1476\">Fabricados en el Reino Unido y certificados bajo la norma <strong data-start=\"1085\" data-end=\"1102\">ISO 6789:2017<\/strong>, los <strong data-start=\"1108\" data-end=\"1137\">torc\u00f3metros preset Norbar<\/strong> son conocidos tambi\u00e9n como <strong data-start=\"1165\" data-end=\"1197\">torqu\u00edmetros tipo producci\u00f3n<\/strong>, <strong data-start=\"1199\" data-end=\"1231\">llaves dinamom\u00e9tricas preset<\/strong>, <strong data-start=\"1233\" data-end=\"1269\">torc\u00f3metros sin escala ajustable<\/strong> o <strong data-start=\"1272\" data-end=\"1313\">herramientas de torque preestablecido<\/strong>. Su dise\u00f1o permite cubrir m\u00faltiples rangos de torque y tipos de cuadrante, adapt\u00e1ndose a diversas industrias que buscan seguridad, control y eficiencia operativa.<\/p>\n<h2 data-start=\"148\" data-end=\"178\"><strong data-start=\"154\" data-end=\"178\">Opciones disponibles<\/strong><\/h2>\n<ul>\n<li data-start=\"182\" data-end=\"254\"><strong data-start=\"182\" data-end=\"209\">Torc\u00f3metro Norbar 13051<\/strong> \u2013 Cuadrante de 3\/8&#8243;, rango de torque 12\u201360 Nm<\/li>\n<li data-start=\"182\" data-end=\"254\"><strong data-start=\"257\" data-end=\"284\">Torc\u00f3metro Norbar 13053<\/strong> \u2013 Cuadrante de 3\/8&#8243;, rango de torque 20\u2013100 Nm<\/li>\n<li data-start=\"182\" data-end=\"254\"><strong data-start=\"334\" data-end=\"361\">Torc\u00f3metro Norbar 13054<\/strong> \u2013 Cuadrante de 1\/2&#8243;, rango de torque 20\u2013100 Nm<\/li>\n<li data-start=\"182\" data-end=\"254\"><strong data-start=\"411\" data-end=\"438\">Torc\u00f3metro Norbar 13057<\/strong> \u2013 Cuadrante de 1\/2&#8243;, rango de torque 60\u2013300 Nm<\/li>\n<\/ul>","protected":false},"excerpt":{"rendered":"<p>Los torc\u00f3metros Norbar tipo preset est\u00e1n dise\u00f1ados para aplicaciones de producci\u00f3n donde se requiere un apriete constante, preciso y sin intervenci\u00f3n del operador en el ajuste del torque. Esta l\u00ednea [&hellip;]<\/p>","protected":false},"featured_media":7529,"comment_status":"closed","ping_status":"closed","template":"","meta":{"_acf_changed":false},"product_brand":[286],"product_cat":[121,149,180],"product_tag":[],"class_list":{"0":"post-7502","1":"product","2":"type-product","3":"status-publish","4":"has-post-thumbnail","6":"product_brand-norbar","7":"product_cat-herramientas","8":"product_cat-herramientas-de-torque","9":"product_cat-torcometros-torquimetros","11":"first","12":"instock","13":"featured","14":"taxable","15":"shipping-taxable","16":"purchasable","17":"product-type-variable"},"acf":[],"_links":{"self":[{"href":"https:\/\/ciecompraenlinea.com\/en\/wp-json\/wp\/v2\/product\/7502","targetHints":{"allow":["GET"]}}],"collection":[{"href":"https:\/\/ciecompraenlinea.com\/en\/wp-json\/wp\/v2\/product"}],"about":[{"href":"https:\/\/ciecompraenlinea.com\/en\/wp-json\/wp\/v2\/types\/product"}],"replies":[{"embeddable":true,"href":"https:\/\/ciecompraenlinea.com\/en\/wp-json\/wp\/v2\/comments?post=7502"}],"wp:featuredmedia":[{"embeddable":true,"href":"https:\/\/ciecompraenlinea.com\/en\/wp-json\/wp\/v2\/media\/7529"}],"wp:attachment":[{"href":"https:\/\/ciecompraenlinea.com\/en\/wp-json\/wp\/v2\/media?parent=7502"}],"wp:term":[{"taxonomy":"product_brand","embeddable":true,"href":"https:\/\/ciecompraenlinea.com\/en\/wp-json\/wp\/v2\/product_brand?post=7502"},{"taxonomy":"product_cat","embeddable":true,"href":"https:\/\/ciecompraenlinea.com\/en\/wp-json\/wp\/v2\/product_cat?post=7502"},{"taxonomy":"product_tag","embeddable":true,"href":"https:\/\/ciecompraenlinea.com\/en\/wp-json\/wp\/v2\/product_tag?post=7502"}],"curies":[{"name":"wp","href":"https:\/\/api.w.org\/{rel}","templated":true}]}}