{"id":7509,"date":"2025-07-25T05:12:04","date_gmt":"2025-07-25T05:12:04","guid":{"rendered":"https:\/\/aquamarine-salamander-419260.hostingersite.com\/?post_type=product&#038;p=7509"},"modified":"2025-08-29T09:19:46","modified_gmt":"2025-08-29T09:19:46","slug":"pistola-de-impacto-neumatica-3-4-st-c579-sumake","status":"publish","type":"product","link":"https:\/\/ciecompraenlinea.com\/en\/product\/pistola-de-impacto-neumatica-3-4-st-c579-sumake\/","title":{"rendered":"Pistola de impacto neum\u00e1tica 3\/4&#8243; ST-C579 SUMAKE"},"content":{"rendered":"<p data-start=\"136\" data-end=\"516\">Las <strong data-start=\"140\" data-end=\"185\">llaves de impacto neum\u00e1ticas industriales o pistolas de impacto neum\u00e1ticas <\/strong>como la <strong data-start=\"194\" data-end=\"215\">ST-C579 de Sumake<\/strong> est\u00e1n dise\u00f1adas para ofrecer m\u00e1xima potencia y confiabilidad en entornos de trabajo exigentes. Esta <strong data-start=\"316\" data-end=\"341\">herramienta neum\u00e1tica<\/strong> combina un motor de alto rendimiento con un <strong data-start=\"386\" data-end=\"411\">mecanismo twin hammer<\/strong>, ideal para tareas pesadas de apriete y aflojado en automotriz, construcci\u00f3n y mantenimiento industrial.<\/p>\n<p data-start=\"518\" data-end=\"868\">Con un impresionante <strong data-start=\"539\" data-end=\"568\">torque m\u00e1ximo de 2.712 Nm<\/strong> y una <strong data-start=\"575\" data-end=\"607\">velocidad libre de 6.000 rpm<\/strong>, esta <strong data-start=\"614\" data-end=\"636\">pistola de impacto<\/strong> profesional ofrece alto rendimiento con menor esfuerzo, garantizando eficiencia y durabilidad. Su <strong data-start=\"735\" data-end=\"767\">cuerpo de material compuesto<\/strong> reduce el peso total a solo <strong data-start=\"796\" data-end=\"806\">3,7 kg<\/strong>, mejorando la maniobrabilidad sin comprometer la resistencia.<\/p>\n<p data-start=\"870\" data-end=\"1060\">la <strong>llave de impacto neum\u00e1tica<\/strong> esta equipada con <strong data-start=\"883\" data-end=\"901\">cuadro de 3\/4&#8243;<\/strong>, escape trasero con silenciador, y gatillo con selector de direcci\u00f3n integrado, la ST-C579 permite un uso c\u00f3modo, seguro y silencioso en jornadas prolongadas.<\/p>","protected":false},"excerpt":{"rendered":"<p>Las llaves de impacto neum\u00e1ticas industriales o pistolas de impacto neum\u00e1ticas como la ST-C579 de Sumake est\u00e1n dise\u00f1adas para ofrecer m\u00e1xima potencia y confiabilidad en entornos de trabajo exigentes. Esta [&hellip;]<\/p>","protected":false},"featured_media":7537,"comment_status":"closed","ping_status":"closed","template":"","meta":{"_acf_changed":false},"product_brand":[277],"product_cat":[121,125,124],"product_tag":[],"class_list":{"0":"post-7509","1":"product","2":"type-product","3":"status-publish","4":"has-post-thumbnail","6":"product_brand-sumake","7":"product_cat-herramientas","8":"product_cat-llaves-de-impacto","9":"product_cat-neumaticas","11":"first","12":"instock","13":"taxable","14":"shipping-taxable","15":"purchasable","16":"product-type-simple"},"acf":[],"_links":{"self":[{"href":"https:\/\/ciecompraenlinea.com\/en\/wp-json\/wp\/v2\/product\/7509","targetHints":{"allow":["GET"]}}],"collection":[{"href":"https:\/\/ciecompraenlinea.com\/en\/wp-json\/wp\/v2\/product"}],"about":[{"href":"https:\/\/ciecompraenlinea.com\/en\/wp-json\/wp\/v2\/types\/product"}],"replies":[{"embeddable":true,"href":"https:\/\/ciecompraenlinea.com\/en\/wp-json\/wp\/v2\/comments?post=7509"}],"wp:featuredmedia":[{"embeddable":true,"href":"https:\/\/ciecompraenlinea.com\/en\/wp-json\/wp\/v2\/media\/7537"}],"wp:attachment":[{"href":"https:\/\/ciecompraenlinea.com\/en\/wp-json\/wp\/v2\/media?parent=7509"}],"wp:term":[{"taxonomy":"product_brand","embeddable":true,"href":"https:\/\/ciecompraenlinea.com\/en\/wp-json\/wp\/v2\/product_brand?post=7509"},{"taxonomy":"product_cat","embeddable":true,"href":"https:\/\/ciecompraenlinea.com\/en\/wp-json\/wp\/v2\/product_cat?post=7509"},{"taxonomy":"product_tag","embeddable":true,"href":"https:\/\/ciecompraenlinea.com\/en\/wp-json\/wp\/v2\/product_tag?post=7509"}],"curies":[{"name":"wp","href":"https:\/\/api.w.org\/{rel}","templated":true}]}}